{"id":987507697,"date":"2025-06-02T18:42:49","date_gmt":"2025-06-02T16:42:49","guid":{"rendered":"https:\/\/www.ekiss-vodka.com\/imprint\/"},"modified":"2025-06-02T18:42:49","modified_gmt":"2025-06-02T16:42:49","slug":"imprint","status":"publish","type":"page","link":"https:\/\/www.abk6-whisky.com\/en\/imprint\/","title":{"rendered":"Imprint"},"content":{"rendered":"<!-- Legal document generated by Complianz | GDPR\/CCPA Cookie Consent https:\/\/wordpress.org\/plugins\/complianz-gdpr -->\n<div id=\"cmplz-document\" class=\"cmplz-document impressum cmplz-document-all\"><p><i>This imprint was last updated on 3 June 2025.<\/i><\/p><p class=\"cmplz-subtitle\">The owner of this website is:<\/p><p>Soci\u00e9t\u00e9 Du MAINE DRILHON SNC SNC<br> Domaine de Chez Maillard, 1 route du M\u00e9nager, 16440 CLAIX<br>France<br>Email:&nbsp;<span class=\"cmplz-obfuscate\">contac&#116;@<span class=\"cmplz-fmail-domain\">&#101;&#120;.&#099;o&#109;<\/span>ab&#107;&#054;&#045;c&#111;g&#110;a&#099;&#046;&#099;o&#109;<\/span><br>Phone number: +33 (0)5 45 66 35 72<br>VAT ID:&nbsp;FR69349261420<\/p><p class=\"cmplz-subtitle\">The legal representative(s) of Soci\u00e9t\u00e9 Du MAINE DRILHON SNC SNC:<\/p><p>AB\u00c9CASSIS Francis<\/p><h2>1. General<\/h2><p class=\"cmplz-subtitle\">1.1 We are registered at RCS ANGOUL\u00caME under the licence or registration number:<\/p><p>349261420<\/p><p>We are willing or obliged to participate in dispute resolution procedures before a consumer arbitration board.<\/p><h2>2. The following information is mandatory according to German law.<\/h2><p class=\"cmplz-subtitle\">2.1 Die Eigentumsanteile der Gesellschaft (Aktienkapital), die von ihr ausgegeben wurden:<\/p><p>2286735,00<\/p><p class=\"cmplz-subtitle\">2.2 Unsere Berufshaftpflichtversicherung lautet:<\/p><p>GAN ASSURANCE 55 boulevard de Bretagne 16000 ANGOUL\u00caME<\/p><\/div>","protected":false},"excerpt":{"rendered":"","protected":false},"author":1,"featured_media":0,"parent":0,"menu_order":0,"comment_status":"closed","ping_status":"closed","template":"","meta":{"_seopress_robots_primary_cat":"","_seopress_titles_title":"","_seopress_titles_desc":"","_seopress_robots_index":"","_seopress_analysis_target_kw":"","_et_pb_use_builder":"","_et_pb_old_content":"","_et_gb_content_width":"","footnotes":""},"class_list":["post-987507697","page","type-page","status-publish","hentry"],"_links":{"self":[{"href":"https:\/\/www.abk6-whisky.com\/en\/wp-json\/wp\/v2\/pages\/987507697","targetHints":{"allow":["GET"]}}],"collection":[{"href":"https:\/\/www.abk6-whisky.com\/en\/wp-json\/wp\/v2\/pages"}],"about":[{"href":"https:\/\/www.abk6-whisky.com\/en\/wp-json\/wp\/v2\/types\/page"}],"author":[{"embeddable":true,"href":"https:\/\/www.abk6-whisky.com\/en\/wp-json\/wp\/v2\/users\/1"}],"replies":[{"embeddable":true,"href":"https:\/\/www.abk6-whisky.com\/en\/wp-json\/wp\/v2\/comments?post=987507697"}],"version-history":[{"count":0,"href":"https:\/\/www.abk6-whisky.com\/en\/wp-json\/wp\/v2\/pages\/987507697\/revisions"}],"wp:attachment":[{"href":"https:\/\/www.abk6-whisky.com\/en\/wp-json\/wp\/v2\/media?parent=987507697"}],"curies":[{"name":"wp","href":"https:\/\/api.w.org\/{rel}","templated":true}]}}