{"id":81,"date":"2023-08-25T08:31:21","date_gmt":"2023-08-25T06:31:21","guid":{"rendered":"https:\/\/www.revebleucognac.com\/?page_id=81"},"modified":"2026-04-13T08:39:46","modified_gmt":"2026-04-13T06:39:46","slug":"site-ekiss-vodka","status":"publish","type":"page","link":"https:\/\/www.abk6-whisky.com\/en\/","title":{"rendered":"ABK6 Family Distillery"},"content":{"rendered":"<div class=\"et_pb_section_0 et_pb_section et_section_regular et_block_section et_animated\">\n<div class=\"et_pb_row_0 et_pb_row et-vb-row--no-module et_pb_gutters1 et_block_row et_animated\">\n<div class=\"et_pb_column_0 et_pb_column et_pb_column_4_4 et-last-child et_block_column et_pb_column_empty et_pb_css_mix_blend_mode_passthrough\"><\/div>\n<\/div>\n<\/div>\n\n\n\n<div class=\"et_pb_section_2 et_pb_section et_section_regular et_block_section\">\n<div class=\"et_pb_row_1 et_pb_row et_block_row\">\n<div class=\"et_pb_column_1 et_pb_column et_pb_column_4_4 et-last-child et_block_column et_pb_css_mix_blend_mode_passthrough\">\n<div class=\"et_pb_text_0 et_pb_text et_pb_bg_layout_light et_animated et_pb_module et_block_module et_pb_text_align_center preset--module--divi-text--default\"><div class=\"et_pb_text_inner\" data-et-mv-hidden-phone=\"true\"><h1>ABK6 FAMILY DISTILLERY<\/span><\/strong><\/h1>\n<\/div><\/div>\n\n<div class=\"et_pb_text_1 et_pb_text et_pb_bg_layout_light et_animated et_pb_module et_block_module et_pb_text_align_center preset--module--divi-text--default\"><div class=\"et_pb_text_inner\"><h2><strong>\"A new expression of French whisky\"<\/strong><\/h2>\n<\/div><\/div>\n\n<div class=\"et_pb_text_2 et_pb_text et_pb_bg_layout_light et_animated et_pb_module et_block_module et_pb_text_align_center preset--module--divi-text--default\"><div class=\"et_pb_text_inner\"><p><strong>ABK6 Family Distillery<\/strong> Whisky embodies <strong>a French vision of single malt:<\/strong> precise raw materials, distillation in Charente, and slow maturation shaped by the region\u2019s natural conditions. The result: smooth, harmonious, and elegant whiskies, crafted for those who appreciate both finesse and character.<\/p>\n<p>&nbsp;<\/p>\n<\/div><\/div>\n<\/div>\n<\/div>\n\n<div class=\"et_pb_row_2 et_pb_row et_flex_row\">\n<div class=\"et_pb_column_2 et_pb_column et-last-child et_flex_column et_pb_css_mix_blend_mode_passthrough et_flex_column_24_24 et_flex_column_24_24_tablet et_flex_column_24_24_phone\">\n<div class=\"et_pb_text_3 et_pb_text et_pb_bg_layout_light et_animated et_pb_module et_block_module et_pb_text_align_center preset--module--divi-text--default\"><div class=\"et_pb_text_inner\"><h2>Distilled, aged, and blended in Charente<\/span><\/h2>\n<\/div><\/div>\n\n<div class=\"et_pb_text_4 et_pb_text et_pb_bg_layout_light et_animated et_pb_module et_block_module et_pb_text_align_center preset--module--divi-text--default\"><div class=\"et_pb_text_inner\"><p><strong>A land globally renowned for its mastery of spirits<\/strong>Charente provides ABK6 with an environment naturally suited to <strong>slow, balanced maturation.<\/strong>This regional context becomes <strong>a true signature of style.<\/strong>.<\/p>\n<p>Distill\u00e9s en alambics charentais en cuivre, nos whiskies b\u00e9n\u00e9ficient d\u2019une distillation lente et pr\u00e9cise qui r\u00e9v\u00e8le des ar\u00f4mes d\u2019une grande finesse et une texture remarquablement ronde et soyeuse.<\/p>\n<p>&nbsp;<\/p>\n<\/div><\/div>\n\n<div class=\"et_pb_image_0 et_pb_image et_pb_module et_flex_module\"><span class=\"et_pb_image_wrap\"><img loading=\"lazy\" decoding=\"async\" src=\"https:\/\/www.abk6-whisky.com\/wp-content\/uploads\/2026\/04\/distillerie-ABK6Cognac.png\" title=\"distillerie-ABK6Cognac\" width=\"2250\" height=\"1500\" srcset=\"https:\/\/www.abk6-whisky.com\/wp-content\/uploads\/2026\/04\/distillerie-ABK6Cognac.png 2250w, https:\/\/www.abk6-whisky.com\/wp-content\/uploads\/2026\/04\/distillerie-ABK6Cognac-1280x853.png 1280w, https:\/\/www.abk6-whisky.com\/wp-content\/uploads\/2026\/04\/distillerie-ABK6Cognac-980x653.png 980w, https:\/\/www.abk6-whisky.com\/wp-content\/uploads\/2026\/04\/distillerie-ABK6Cognac-480x320.png 480w\" sizes=\"(min-width: 0px) and (max-width: 480px) 480px, (min-width: 481px) and (max-width: 980px) 980px, (min-width: 981px) and (max-width: 1280px) 1280px, (min-width: 1281px) 2250px, 100vw\" class=\"wp-image-987508231\" \/><\/span><\/div>\n\n<div class=\"et_pb_text_5 et_pb_text et_pb_bg_layout_light et_animated et_pb_module et_block_module et_pb_text_align_center preset--module--divi-text--default\"><div class=\"et_pb_text_inner\"><h2>The Story<\/span><\/h2>\n<\/div><\/div>\n\n<div class=\"et_pb_text_6 et_pb_text et_pb_bg_layout_light et_animated et_pb_module et_block_module et_pb_text_align_center preset--module--divi-text--default\"><div class=\"et_pb_text_inner\" data-et-mv-hidden-phone=\"true\"><p>After building its reputation on exceptional cognacs, <strong>ABK6 naturally continues its exploration of fine spirits<\/strong> with the creation of <strong>a French single malt whisky<\/strong>Drawing on its expertise in distillation and ageing, acquired in Charente, Domaines Francis Ab\u00e9cassis applies its know-how to a new category while maintaining its commitment to precision, elegance, and balance. This transition from cognac to whisky is not a rupture, but <strong>a continuation. one driven by a constant pursuit of quality and terroir expression, with a distinctly French signature that redefines the codes of single malt.<\/strong><\/p>\n<\/div><\/div>\n<\/div>\n<\/div>\n\n\n<\/div>\n\n<div class=\"et_pb_section_3 et_pb_section et_section_regular et_block_section\">\n<div class=\"et_pb_row_4 et_pb_row et_block_row\">\n<div class=\"et_pb_column_4 et_pb_column et_pb_column_1_2 et_block_column et_pb_css_mix_blend_mode_passthrough\">\n\n\n\n\n\n\n\n\n\n\n\n\n\n\n\n\n\n\n\n\n\n\n\n\n\n\n\n\n\n\n\n\r\n<div class=\"et_pb_module et_d4_element dipl_tilt_image dipl_tilt_image_0\">\n\t\t\t\t\n\t\t\t\t\n\t\t\t\t\n\t\t\t\t\n\t\t\t\t\n\t\t\t\t\n\t\t\t\t<div class=\"et_pb_module_inner\">\n\t\t\t\t\t<div class=\"dipl_tilt_image_wrapper  dipl_tilt_align_center\" data-tilt data-tilt-max=\"4\" data-tilt-perspective=\"1000\" data-tilt-scale=\"1\" data-tilt-speed=\"300\" data-tilt-mobile-disable=\"on\" >\n\t\t\t\t<div class=\"dipl_tilt_image_inner_wrapper\">\n\t\t\t\t<img decoding=\"async\" src=\"https:\/\/www.abk6-whisky.com\/wp-content\/uploads\/2026\/03\/GCH_6742-Light.png\" alt=\"Philippe dans Chai entrain d&#039;\u00e9crire\" srcset=\"https:\/\/www.abk6-whisky.com\/wp-content\/uploads\/2026\/03\/GCH_6742-Light.png 2250w, https:\/\/www.abk6-whisky.com\/wp-content\/uploads\/2026\/03\/GCH_6742-Light-1280x853.png 1280w, https:\/\/www.abk6-whisky.com\/wp-content\/uploads\/2026\/03\/GCH_6742-Light-980x653.png 980w, https:\/\/www.abk6-whisky.com\/wp-content\/uploads\/2026\/03\/GCH_6742-Light-480x320.png 480w\" sizes=\"(min-width: 0px) and (max-width: 480px) 480px, (min-width: 481px) and (max-width: 980px) 980px, (min-width: 981px) and (max-width: 1280px) 1280px, (min-width: 1281px) 2250px, 100vw\" \/>\n\t\t\t\t<div class=\"dipl_tilt_content_wrapper et_pb_animation_off\">\n\t\t\t\t\t\n\t\t\t\t\t\n\t\t\t\t\t\n\t\t\t\t\t\n\t\t\t\t<\/div>\n\t\t\t<\/div>\n\t\t\t<\/div>\n\t\t\t\t<\/div>\n\t\t\t<\/div>\r\n\n\n\n\n\n\n\n\n\n\n\n\n\n\n\n\n\n\n\n\n\n\n\n\n\n\n\n\n\n\n\n\n<\/div>\n\n<div class=\"et_pb_column_5 et_pb_column et_pb_column_1_2 et-last-child et_block_column et_pb_css_mix_blend_mode_passthrough\">\n<div class=\"et_pb_text_7 et_pb_text et_pb_bg_layout_light et_animated et_pb_module et_block_module et_pb_text_align_center preset--module--divi-text--default\"><div class=\"et_pb_text_inner\"><p><span style=\"color: #ffffff;\">Each day, Abecassis family and their team <strong>channel their knowledge, expertise, and passion <\/strong><\/span><span style=\"color: #ffffff;\">into crafting their spirits.<\/span><\/p>\n<p>&nbsp;<\/p>\n<\/div><\/div>\n<\/div>\n<\/div>\n<\/div>\n\n<div class=\"et_pb_section_4 et_pb_section et_section_regular et_block_section\">\n<div class=\"et_pb_row_5 et_pb_row et_block_row\" id=\"collection\">\n<div class=\"et_pb_column_6 et_pb_column et_pb_column_1_2 et_block_column et_pb_css_mix_blend_mode_passthrough\">\n\n\n\n\n\n\n\n\n\n\n<div class=\"et_pb_module et_d4_element dipl_double_color_heading dipl_double_color_heading_0\">\n\t\t\t\t\n\t\t\t\t\n\t\t\t\t\n\t\t\t\t\n\t\t\t\t\n\t\t\t\t\n\t\t\t\t<div class=\"et_pb_module_inner\">\n\t\t\t\t\t<div class=\"dipl_text_wrapper\"><h2><span class=\"dipl_text_stack dipl_pre_text_stack\"><span class=\"dipl_pre_text\">Our<\/span><\/span><span class=\"dipl_text_stack dipl_main_text_stack\"><span class=\"dipl_main_text\">Whisky<\/span><\/span><span class=\"dipl_text_stack dipl_post_text_stack\"><span class=\"dipl_post_text\">ABK6 FAMILY DISTILLERY<\/span><\/span><\/h2><\/div>\n\t\t\t\t<\/div>\n\t\t\t<\/div>\n\n\n\n\n\n\n\n\n\n\n\n<div class=\"et_pb_text_8 et_pb_text et_pb_bg_layout_light et_animated et_pb_module et_block_module et_pb_text_align_center preset--module--divi-text--default\"><div class=\"et_pb_text_inner\"><p style=\"text-align: right;\"><strong>AVAILABLE IN JUNE 2026!<\/strong><\/p>\n<\/div><\/div>\n\n<div class=\"et_pb_module et_pb_button_module_wrapper et_pb_button_0_wrapper\"><a class=\"et_pb_button_0 et_pb_button et_pb_bg_layout_dark et_pb_module et_flex_module\" href=\"https:\/\/www.abk6-whisky.com\/en\/ekiss-vodka-abk6\/\">D\u00e9couvrez la collection<\/a><\/div>\n\n<div class=\"et_pb_row_6 et_pb_row et_pb_row_nested et_grid_row\">\n<div class=\"et_pb_column_7 et_pb_column et_block_column et_pb_column_empty et_pb_css_mix_blend_mode_passthrough\"><\/div>\n\n<div class=\"et_pb_column_8 et_pb_column et-last-child et_block_column et_pb_css_mix_blend_mode_passthrough\">\n<div class=\"et_pb_image_1 et_pb_image et_animated et_pb_module et_block_module et_pb_text_align_center\"><span class=\"et_pb_image_wrap\"><img loading=\"lazy\" decoding=\"async\" src=\"https:\/\/www.abk6-whisky.com\/wp-content\/uploads\/2026\/04\/ABK6-WHISKY-SMALL-BATCH-46\u00b0-FR-scaled.png\" alt=\"ABK6 WHISKY SMALL BATCH 46\u00b0 FR.png\" title=\"ABK6 WHISKY SMALL BATCH 46\u00b0 FR\" width=\"2560\" height=\"1707\" srcset=\"https:\/\/www.abk6-whisky.com\/wp-content\/uploads\/2026\/04\/ABK6-WHISKY-SMALL-BATCH-46\u00b0-FR-scaled.png 2560w, https:\/\/www.abk6-whisky.com\/wp-content\/uploads\/2026\/04\/ABK6-WHISKY-SMALL-BATCH-46\u00b0-FR-300x200.png 300w, https:\/\/www.abk6-whisky.com\/wp-content\/uploads\/2026\/04\/ABK6-WHISKY-SMALL-BATCH-46\u00b0-FR-1024x683.png 1024w, https:\/\/www.abk6-whisky.com\/wp-content\/uploads\/2026\/04\/ABK6-WHISKY-SMALL-BATCH-46\u00b0-FR-768x512.png 768w, https:\/\/www.abk6-whisky.com\/wp-content\/uploads\/2026\/04\/ABK6-WHISKY-SMALL-BATCH-46\u00b0-FR-1536x1024.png 1536w, https:\/\/www.abk6-whisky.com\/wp-content\/uploads\/2026\/04\/ABK6-WHISKY-SMALL-BATCH-46\u00b0-FR-2048x1365.png 2048w, https:\/\/www.abk6-whisky.com\/wp-content\/uploads\/2026\/04\/ABK6-WHISKY-SMALL-BATCH-46\u00b0-FR-18x12.png 18w, https:\/\/www.abk6-whisky.com\/wp-content\/uploads\/2026\/04\/ABK6-WHISKY-SMALL-BATCH-46\u00b0-FR-1080x720.png 1080w, https:\/\/www.abk6-whisky.com\/wp-content\/uploads\/2026\/04\/ABK6-WHISKY-SMALL-BATCH-46\u00b0-FR-1280x854.png 1280w, https:\/\/www.abk6-whisky.com\/wp-content\/uploads\/2026\/04\/ABK6-WHISKY-SMALL-BATCH-46\u00b0-FR-980x653.png 980w, https:\/\/www.abk6-whisky.com\/wp-content\/uploads\/2026\/04\/ABK6-WHISKY-SMALL-BATCH-46\u00b0-FR-480x320.png 480w\" sizes=\"(max-width: 2560px) 100vw, 2560px\" class=\"wp-image-987508238\" \/><\/span><\/div>\n<\/div>\n<\/div>\n<\/div>\n\n<div class=\"et_pb_column_9 et_pb_column et_pb_column_1_2 et-last-child et_block_column et_pb_css_mix_blend_mode_passthrough\">\n<div class=\"et_pb_image_2 et_pb_image et_animated et_pb_module et_block_module et_pb_text_align_center\"><span class=\"et_pb_image_wrap\"><img loading=\"lazy\" decoding=\"async\" src=\"https:\/\/www.abk6-whisky.com\/wp-content\/uploads\/2026\/04\/ABK6-WHISKY-SingleCask40\u00b0.png\" alt=\"ABK6-WHISKY-SingleCask40\u00b0.png\" title=\"ABK6-WHISKY-SingleCask40\u00b0\" width=\"750\" height=\"1500\" srcset=\"https:\/\/www.abk6-whisky.com\/wp-content\/uploads\/2026\/04\/ABK6-WHISKY-SingleCask40\u00b0.png 750w, https:\/\/www.abk6-whisky.com\/wp-content\/uploads\/2026\/04\/ABK6-WHISKY-SingleCask40\u00b0-150x300.png 150w, https:\/\/www.abk6-whisky.com\/wp-content\/uploads\/2026\/04\/ABK6-WHISKY-SingleCask40\u00b0-512x1024.png 512w, https:\/\/www.abk6-whisky.com\/wp-content\/uploads\/2026\/04\/ABK6-WHISKY-SingleCask40\u00b0-6x12.png 6w, https:\/\/www.abk6-whisky.com\/wp-content\/uploads\/2026\/04\/ABK6-WHISKY-SingleCask40\u00b0-480x960.png 480w\" sizes=\"(max-width: 750px) 100vw, 750px\" class=\"wp-image-987508239\" \/><\/span><\/div>\n<\/div>\n<\/div>\n<\/div>","protected":false},"excerpt":{"rendered":"","protected":false},"author":1,"featured_media":987508237,"parent":0,"menu_order":0,"comment_status":"closed","ping_status":"closed","template":"","meta":{"_seopress_robots_primary_cat":"","_seopress_titles_title":"","_seopress_titles_desc":"","_seopress_robots_index":"","_seopress_analysis_target_kw":"single estate vodka,pure,libre,naturelle","_et_pb_use_builder":"on","_et_pb_old_content":"","_et_gb_content_width":"","footnotes":""},"class_list":["post-81","page","type-page","status-publish","has-post-thumbnail","hentry"],"_links":{"self":[{"href":"https:\/\/www.abk6-whisky.com\/en\/wp-json\/wp\/v2\/pages\/81","targetHints":{"allow":["GET"]}}],"collection":[{"href":"https:\/\/www.abk6-whisky.com\/en\/wp-json\/wp\/v2\/pages"}],"about":[{"href":"https:\/\/www.abk6-whisky.com\/en\/wp-json\/wp\/v2\/types\/page"}],"author":[{"embeddable":true,"href":"https:\/\/www.abk6-whisky.com\/en\/wp-json\/wp\/v2\/users\/1"}],"replies":[{"embeddable":true,"href":"https:\/\/www.abk6-whisky.com\/en\/wp-json\/wp\/v2\/comments?post=81"}],"version-history":[{"count":230,"href":"https:\/\/www.abk6-whisky.com\/en\/wp-json\/wp\/v2\/pages\/81\/revisions"}],"predecessor-version":[{"id":987508240,"href":"https:\/\/www.abk6-whisky.com\/en\/wp-json\/wp\/v2\/pages\/81\/revisions\/987508240"}],"wp:featuredmedia":[{"embeddable":true,"href":"https:\/\/www.abk6-whisky.com\/en\/wp-json\/wp\/v2\/media\/987508237"}],"wp:attachment":[{"href":"https:\/\/www.abk6-whisky.com\/en\/wp-json\/wp\/v2\/media?parent=81"}],"curies":[{"name":"wp","href":"https:\/\/api.w.org\/{rel}","templated":true}]}}