{"id":475,"date":"2023-08-25T22:17:05","date_gmt":"2023-08-25T20:17:05","guid":{"rendered":"https:\/\/www.revebleucognac.com\/?page_id=475"},"modified":"2026-04-27T10:07:00","modified_gmt":"2026-04-27T08:07:00","slug":"ekiss-vodka-abk6","status":"publish","type":"page","link":"https:\/\/www.abk6-whisky.com\/en\/ekiss-vodka-abk6\/","title":{"rendered":"Nos Whiskies"},"content":{"rendered":"<div class=\"et_pb_section_0 et_pb_section et_section_regular et_block_section\">\n<div class=\"et_pb_row_0 et_pb_row et_pb_gutters1 et_block_row\">\n<div class=\"et_pb_column_0 et_pb_column et_pb_column_1_2 et_block_column et_pb_css_mix_blend_mode_passthrough\">\n<div class=\"et_pb_image_0 et_pb_image et_pb_image_sticky_phone et_pb_module et_block_module\"><span class=\"et_pb_image_wrap\"><img loading=\"lazy\" decoding=\"async\" src=\"https:\/\/www.abk6-whisky.com\/wp-content\/uploads\/2026\/04\/ABK6-WHISKY-SingleCask40\u00b0-packshot.png\" alt=\"ABK6-WHISKY-SingleCask40\u00b0-packshot\" title=\"ABK6-WHISKY-SingleCask40\u00b0-packshot\" width=\"600\" height=\"1400\" srcset=\"https:\/\/www.abk6-whisky.com\/wp-content\/uploads\/2026\/04\/ABK6-WHISKY-SingleCask40\u00b0-packshot.png 600w, https:\/\/www.abk6-whisky.com\/wp-content\/uploads\/2026\/04\/ABK6-WHISKY-SingleCask40\u00b0-packshot-129x300.png 129w, https:\/\/www.abk6-whisky.com\/wp-content\/uploads\/2026\/04\/ABK6-WHISKY-SingleCask40\u00b0-packshot-439x1024.png 439w, https:\/\/www.abk6-whisky.com\/wp-content\/uploads\/2026\/04\/ABK6-WHISKY-SingleCask40\u00b0-packshot-5x12.png 5w, https:\/\/www.abk6-whisky.com\/wp-content\/uploads\/2026\/04\/ABK6-WHISKY-SingleCask40\u00b0-packshot-480x1120.png 480w\" sizes=\"(max-width: 600px) 100vw, 600px\" class=\"wp-image-987508244\" \/><\/span><\/div>\n<\/div>\n\n<div class=\"et_pb_column_1 et_pb_column et_pb_column_1_2 et-last-child et_block_column et_pb_css_mix_blend_mode_passthrough\">\n<div class=\"et_pb_text_0 et_pb_text et_pb_bg_layout_light et_animated et_pb_module et_block_module preset--module--divi-text--default\"><div class=\"et_pb_text_inner\"><h2>ABK6 Family Distillery<br \/>SINGLE MALT<br \/>Whisky de France<br \/>40%<\/h2>\n<h2><em>\u00c9lev\u00e9 en f\u00fbts de ch\u00eane am\u00e9ricain<\/em><\/h2>\n<\/div><\/div>\n\n<div class=\"et_pb_text_1 et_pb_text et_pb_bg_layout_light et_animated et_pb_module et_block_module preset--module--divi-text--default\"><div class=\"et_pb_text_inner\"><h2>TASTING NOTES<span style=\"text-decoration: underline;\"><\/span><\/h2>\n<p>Ce whisky exprime l\u2019h\u00e9ritage du single malt traditionnel \u00e0 travers une signature r\u00e9solument fran\u00e7aise.<\/p>\n<p><strong>Souple et harmonieux<\/strong>, il d\u00e9voile des <strong>notes de vanille, de caramel et de ch\u00eane d\u00e9licat<\/strong>, soutenues par de subtiles nuances de<strong> c\u00e9r\u00e9ales et de miel.<\/strong><\/p>\n<p>The finish is clean, rounded, and elegant, highlighting precision and finesse.<\/p>\n<\/div><\/div>\n\n<div class=\"et_pb_text_2 et_pb_text et_pb_bg_layout_light et_animated et_pb_module et_block_module preset--module--divi-text--default\"><div class=\"et_pb_text_inner\" data-et-mv-hidden-phone=\"true\"><h3><span style=\"color: #333333;\">a French single malt whisky <strong data-start=\"1246\" data-end=\"1282\">Accessible, refined, and balanced<\/strong>it charms with its smoothness, precision, and elegance. Ideal for discovering whisky or for enthusiasts seeking a French interpretation of the single malt style.<\/span><\/h3>\n<p><span style=\"color: #333333;\"><\/span><\/p>\n<h3><span style=\"color: #333333;\">CRAFTED WITH PRECISION<strong><\/strong><strong><\/strong><strong><\/strong><\/span><\/h3>\n<ul>\n<li><span style=\"color: #333333;\">French Single Malt Whisky<\/span><\/li>\n<li><span style=\"color: #333333;\"><strong>100% French malted barley<\/strong><\/span><\/li>\n<li><span style=\"color: #333333;\">Double distilled <strong>in traditional Charentais<\/strong> copper pot stills<\/span><\/li>\n<li><span style=\"color: #333333;\">Aged in 200L American oak casks<\/span><\/li>\n<\/ul>\n<ul><\/ul>\n<\/div><\/div>\n\n<div class=\"et_pb_module et_pb_button_module_wrapper et_pb_button_0_wrapper\"><a class=\"et_pb_button_0 et_pb_button et_pb_bg_layout_dark et_pb_module et_flex_module\" href=\"https:\/\/boutique.abecassis-cognac.com\/fr\/abk6-family-distillery\/102-abk6-family-distillery-single-malt-whisky-de-france.html\" target=\"_blank\" data-icon=\"\ue07a\">Buy<\/a><\/div>\n<\/div>\n<\/div>\n\n<div class=\"et_pb_row_1 et_pb_row et_pb_gutters1 et_block_row\">\n<div class=\"et_pb_column_2 et_pb_column et_pb_column_1_2 et_block_column et_pb_css_mix_blend_mode_passthrough\">\n<div class=\"et_pb_image_1 et_pb_image et_pb_module et_block_module\"><span class=\"et_pb_image_wrap\"><img loading=\"lazy\" decoding=\"async\" src=\"https:\/\/www.abk6-whisky.com\/wp-content\/uploads\/2026\/04\/ABK6-WHISKY-SingleBatch46\u00b0-packshot.png\" alt=\"ABK6-WHISKY-SingleBatch46\u00b0-packshot\" title=\"ABK6-WHISKY-SingleBatch46\u00b0-packshot\" width=\"600\" height=\"1400\" srcset=\"https:\/\/www.abk6-whisky.com\/wp-content\/uploads\/2026\/04\/ABK6-WHISKY-SingleBatch46\u00b0-packshot.png 600w, https:\/\/www.abk6-whisky.com\/wp-content\/uploads\/2026\/04\/ABK6-WHISKY-SingleBatch46\u00b0-packshot-129x300.png 129w, https:\/\/www.abk6-whisky.com\/wp-content\/uploads\/2026\/04\/ABK6-WHISKY-SingleBatch46\u00b0-packshot-439x1024.png 439w, https:\/\/www.abk6-whisky.com\/wp-content\/uploads\/2026\/04\/ABK6-WHISKY-SingleBatch46\u00b0-packshot-5x12.png 5w, https:\/\/www.abk6-whisky.com\/wp-content\/uploads\/2026\/04\/ABK6-WHISKY-SingleBatch46\u00b0-packshot-480x1120.png 480w\" sizes=\"(max-width: 600px) 100vw, 600px\" class=\"wp-image-987508245\" \/><\/span><\/div>\n<\/div>\n\n<div class=\"et_pb_column_3 et_pb_column et_pb_column_1_2 et-last-child et_block_column et_pb_css_mix_blend_mode_passthrough\">\n<div class=\"et_pb_text_3 et_pb_text et_pb_bg_layout_light et_animated et_pb_module et_block_module preset--module--divi-text--default\"><div class=\"et_pb_text_inner\"><h2>ABK6 Family Distillery<br \/>SINGLE MALT<\/h2>\n<h2>Whisky de France<\/h2>\n<h2>46%<\/h2>\n<h2>Small Batch Selection<br \/><em>Bourbon &amp; Rye Casks<\/em><\/h2>\n<\/div><\/div>\n\n<div class=\"et_pb_text_4 et_pb_text et_pb_bg_layout_light et_animated et_pb_module et_block_module preset--module--divi-text--default\"><div class=\"et_pb_text_inner\"><h2>TASTING NOTES<\/h2>\n<p>\u00a0Attaque vive et ample, port\u00e9e par <strong>une belle intensit\u00e9<\/strong>. <strong>Notes de fruits m\u00fbrs, agrumes confits et fruits secs<\/strong>. \u00c9pices franches (poivre, cannelle), bois toast\u00e9 et cacao.<\/p>\n<p>Ce whisky offre une texture dense et l\u00e9g\u00e8rement huileuse. <strong>La finale est longue, persistante<\/strong>, sur les \u00e9pices et <strong>une \u00e9l\u00e9gante amertume<\/strong>.<\/p>\n<p>Un whisky puissant, structur\u00e9 et \u00e9quilibr\u00e9.<\/p>\n<\/div><\/div>\n\n<div class=\"et_pb_text_5 et_pb_text et_pb_bg_layout_light et_animated et_pb_module et_block_module preset--module--divi-text--default\"><div class=\"et_pb_text_inner\" data-et-mv-hidden-phone=\"true\"><p><span style=\"color: #333333;\"><strong>Produced in small batches from a rigorous selection of casks<\/strong> chosen for their specific characteristics, it offers a harmonious and exclusive expression.<\/span><\/p>\n<h3><span style=\"color: #333333;\">CRAFTED WITH PRECISION<\/span><\/h3>\n<p><span style=\"color: #333333;\">\u2022\u00a0<strong>100 % orge fran\u00e7aise malt\u00e9e.<\/strong><\/span><br \/><span style=\"color: #333333;\">Double distilled\u00a0<strong>in traditional Charentais<\/strong> copper pot stills<\/span><br \/><span style=\"color: #333333;\">\u2022\u00a0<strong>Aged in ex-Bourbon and Rye whiskey casks<\/strong><\/span><br \/><span style=\"color: #333333;\">\u2022 Produced in small batches from a rigorous selection of casks.<\/span><\/p>\n<p>&nbsp;<\/p>\n<\/div><\/div>\n\n<div class=\"et_pb_module et_pb_button_module_wrapper et_pb_button_1_wrapper\"><a class=\"et_pb_button_1 et_pb_button et_pb_bg_layout_dark et_pb_module et_flex_module\" href=\"https:\/\/boutique.abecassis-cognac.com\/fr\/abk6-family-distillery\/103-abk6-family-distillery-single-malt-whisky-de-france.html\" target=\"_blank\" data-icon=\"\ue07a\">Buy<\/a><\/div>\n<\/div>\n<\/div>\n<\/div>","protected":false},"excerpt":{"rendered":"","protected":false},"author":1,"featured_media":0,"parent":0,"menu_order":0,"comment_status":"closed","ping_status":"closed","template":"","meta":{"_seopress_robots_primary_cat":"","_seopress_titles_title":"","_seopress_titles_desc":"","_seopress_robots_index":"","_seopress_analysis_target_kw":"ekiss vodka,degustation,oeil,bouche","_et_pb_use_builder":"on","_et_pb_old_content":"","_et_gb_content_width":"","footnotes":""},"class_list":["post-475","page","type-page","status-publish","hentry"],"_links":{"self":[{"href":"https:\/\/www.abk6-whisky.com\/en\/wp-json\/wp\/v2\/pages\/475","targetHints":{"allow":["GET"]}}],"collection":[{"href":"https:\/\/www.abk6-whisky.com\/en\/wp-json\/wp\/v2\/pages"}],"about":[{"href":"https:\/\/www.abk6-whisky.com\/en\/wp-json\/wp\/v2\/types\/page"}],"author":[{"embeddable":true,"href":"https:\/\/www.abk6-whisky.com\/en\/wp-json\/wp\/v2\/users\/1"}],"replies":[{"embeddable":true,"href":"https:\/\/www.abk6-whisky.com\/en\/wp-json\/wp\/v2\/comments?post=475"}],"version-history":[{"count":108,"href":"https:\/\/www.abk6-whisky.com\/en\/wp-json\/wp\/v2\/pages\/475\/revisions"}],"predecessor-version":[{"id":987508250,"href":"https:\/\/www.abk6-whisky.com\/en\/wp-json\/wp\/v2\/pages\/475\/revisions\/987508250"}],"wp:attachment":[{"href":"https:\/\/www.abk6-whisky.com\/en\/wp-json\/wp\/v2\/media?parent=475"}],"curies":[{"name":"wp","href":"https:\/\/api.w.org\/{rel}","templated":true}]}}