{"id":122,"date":"2023-08-18T15:47:51","date_gmt":"2023-08-18T13:47:51","guid":{"rendered":"https:\/\/www.revebleucognac.com\/?page_id=122"},"modified":"2026-03-26T15:56:17","modified_gmt":"2026-03-26T14:56:17","slug":"notre-philosophie","status":"publish","type":"page","link":"https:\/\/www.abk6-whisky.com\/en\/notre-philosophie\/","title":{"rendered":"L&rsquo;origine"},"content":{"rendered":"\n<div class=\"et_pb_section_0 et_pb_section et_pb_fullwidth_section et_section_regular et_block_section et_animated\"><div class=\"et_pb_fullwidth_image_0 et_pb_fullwidth_image et_pb_module\"><img decoding=\"async\" src=\"https:\/\/abk6-whisky.com\/wp-content\/uploads\/2024\/10\/cheveaux-ekiss-vodka.webp\" title=\"cheveaux-ekiss-vodka\" alt=\"L&#039;Origine d&#039;Ekiss Vodka\" \/><\/div><\/div><div class=\"et_pb_section_1 et_pb_section et_section_regular et_block_section\"><div class=\"et_pb_row_0 et_pb_row et_block_row\"><div class=\"et_pb_column_0 et_pb_column et_pb_column_4_4 et-last-child et_block_column et_pb_css_mix_blend_mode_passthrough\"><div class=\"et_pb_module et_d4_element dipl_double_color_heading dipl_double_color_heading_0 et_animated \">\n\t\t\t\t\n\t\t\t\t\n\t\t\t\t\n\t\t\t\t\n\t\t\t\t\n\t\t\t\t\n\t\t\t\t<div class=\"et_pb_module_inner\">\n\t\t\t\t\t<div class=\"dipl_text_wrapper\"><h1><span class=\"dipl_pre_text\">L&#039;<\/span><span class=\"dipl_main_text\">Origine<\/span><\/h1><\/div>\n\t\t\t\t<\/div>\n\t\t\t<\/div><div class=\"et_pb_module et_d4_element dipl_tilt_image dipl_tilt_image_0\">\n\t\t\t\t\n\t\t\t\t\n\t\t\t\t\n\t\t\t\t\n\t\t\t\t\n\t\t\t\t\n\t\t\t\t<div class=\"et_pb_module_inner\">\n\t\t\t\t\t<div class=\"dipl_tilt_image_wrapper  dipl_tilt_align_center\" data-tilt data-tilt-max=\"20\" data-tilt-perspective=\"1000\" data-tilt-scale=\"1\" data-tilt-speed=\"300\" data-tilt-mobile-disable=\"off\" >\n\t\t\t\t<div class=\"dipl_tilt_image_inner_wrapper\">\n\t\t\t\t\n\t\t\t\t<div class=\"dipl_tilt_content_wrapper et_pb_animation_off\">\n\t\t\t\t\t\n\t\t\t\t\t\n\t\t\t\t\t\n\t\t\t\t\t\n\t\t\t\t<\/div>\n\t\t\t<\/div>\n\t\t\t<\/div>\n\t\t\t\t<\/div>\n\t\t\t<\/div><div class=\"et_pb_text_0 et_pb_text et_pb_bg_layout_light et_animated et_pb_module et_block_module preset--module--divi-text--default\"><div class=\"et_pb_text_inner\"><h2>Single Estate Vodka<\/h2>\n<\/div><\/div><div class=\"et_pb_text_1 et_pb_text et_pb_bg_layout_light et_pb_module et_block_module et_pb_text_align_center preset--module--divi-text--default\"><div class=\"et_pb_text_inner\"><p>La vodka EKISS <strong>n\u00e9e sur un lieu d'exception o\u00f9 tradition et innovation se rencontrent<\/strong> pour offrir une vodka d'une qualit\u00e9 remarquable. Nich\u00e9 au c\u0153ur de la Camargue, une r\u00e9gion sauvage et pr\u00e9serv\u00e9e du sud de la France, <strong>ce domaine tire parti de son environnement unique pour cultiver du bl\u00e9 tendre biologique<\/strong>, ingr\u00e9dient essentiel \u00e0 l'\u00e9laboration de notre vodka EKISS.<\/p>\n<p>Notre approche unique est celle du <strong>\"Single Estate Harvest\"<\/strong>, qui garantit que le bl\u00e9 utilis\u00e9 pour la production de notre vodka provient exclusivement des terres du domaine, assurant ainsi<strong> une tra\u00e7abilit\u00e9 totale depuis nos cultures jusqu\u2019\u00e0 la bouteille<\/strong>.<\/p>\n<p>En contr\u00f4lant ainsi chaque \u00e9tape de la production, de la culture du bl\u00e9 biologique \u00e0 la distillation,<strong> le \"Single Estate Harvest\" conf\u00e8re \u00e0 notre vodka EKISS une singularit\u00e9 rare,<\/strong> o\u00f9 terroir et savoir-faire local s'allient pour offrir <strong>une exp\u00e9rience gustative authentique et raffin\u00e9e.<\/strong><\/p>\n<\/div><\/div><\/div><\/div><div class=\"et_pb_row_1 et_pb_row et_block_row\"><div class=\"et_pb_column_1 et_pb_column et_pb_column_4_4 et-last-child et_block_column et_pb_css_mix_blend_mode_passthrough\"><div class=\"et_pb_text_2 et_pb_text et_pb_bg_layout_light et_animated et_pb_module et_block_module preset--module--divi-text--default\"><div class=\"et_pb_text_inner\"><h2>La distillation<\/h2>\n<\/div><\/div><\/div><\/div><div class=\"et_pb_row_2 et_pb_row et_block_row\"><div class=\"et_pb_column_2 et_pb_column et_pb_column_4_4 et-last-child et_block_column et_pb_css_mix_blend_mode_passthrough\"><div class=\"et_pb_text_3 et_pb_text et_pb_bg_layout_light et_animated et_pb_module et_block_module et_pb_text_align_center preset--module--divi-text--default\"><div class=\"et_pb_text_inner\"><p>La vodka EKISS est \u00e9labor\u00e9e selon un processus de <strong>distillation artisanale<\/strong> qui conjugue exigence et puret\u00e9. <strong>Produite \u00e0 partir de bl\u00e9 100\u202f% bio cultiv\u00e9<\/strong> <strong>en Camargue<\/strong>, elle est distill\u00e9e cinq fois dans un alambic moderne en inox, garantissant <strong>une finesse exceptionnelle et une neutralit\u00e9 aromatique parfaite<\/strong>.\u00a0<\/p>\n<\/div><\/div><\/div><\/div><div class=\"et_pb_row_3 et_pb_row et_block_row\" id=\"vignoble\"><div class=\"et_pb_column_3 et_pb_column et_pb_column_1_2 et_block_column et_pb_css_mix_blend_mode_passthrough\"><div class=\"et_pb_module et_d4_element dipl_tilt_image dipl_tilt_image_1\">\n\t\t\t\t\n\t\t\t\t\n\t\t\t\t\n\t\t\t\t\n\t\t\t\t\n\t\t\t\t\n\t\t\t\t<div class=\"et_pb_module_inner\">\n\t\t\t\t\t<div class=\"dipl_tilt_image_wrapper  dipl_tilt_align_center\" data-tilt data-tilt-max=\"5\" data-tilt-perspective=\"1000\" data-tilt-scale=\"1\" data-tilt-speed=\"300\" data-tilt-mobile-disable=\"off\" >\n\t\t\t\t<div class=\"dipl_tilt_image_inner_wrapper\">\n\t\t\t\t<img decoding=\"async\" src=\"https:\/\/abk6-whisky.com\/wp-content\/uploads\/2025\/05\/6x6-NB-08-scaled.jpg\" alt=\"Vignoble Abk6 Cognac\" \/>\n\t\t\t\t<div class=\"dipl_tilt_content_wrapper et_pb_animation_off\">\n\t\t\t\t\t\n\t\t\t\t\t\n\t\t\t\t\t\n\t\t\t\t\t\n\t\t\t\t<\/div>\n\t\t\t<\/div>\n\t\t\t<\/div>\n\t\t\t\t<\/div>\n\t\t\t<\/div><\/div><div class=\"et_pb_column_4 et_pb_column et_pb_column_1_2 et-last-child et_block_column et_pb_css_mix_blend_mode_passthrough\"><div class=\"et_pb_text_4 et_pb_text et_pb_bg_layout_light et_animated et_pb_module et_block_module preset--module--divi-text--default\"><div class=\"et_pb_text_inner\"><p>Ce proc\u00e9d\u00e9 m\u00e9ticuleux permet de r\u00e9v\u00e9ler <strong>une vodka douce, \u00e9quilibr\u00e9e et cristalline<\/strong>, sans additifs ni ar\u00f4mes ajout\u00e9s.<\/p>\n<p>EKISS incarne ainsi<strong> l\u2019alliance d\u2019un savoir-faire fran\u00e7ais et d\u2019une recherche constante de qualit\u00e9 premium<\/strong>.<\/p>\n<\/div><\/div><\/div><\/div><div class=\"et_pb_row_4 et_pb_row et_block_row\" id=\"distillation\"><div class=\"et_pb_column_5 et_pb_column et_pb_column_4_4 et-last-child et_block_column et_pb_css_mix_blend_mode_passthrough\"><div class=\"et_pb_module et_d4_element dipl_tilt_image dipl_tilt_image_2\">\n\t\t\t\t\n\t\t\t\t\n\t\t\t\t\n\t\t\t\t\n\t\t\t\t\n\t\t\t\t\n\t\t\t\t<div class=\"et_pb_module_inner\">\n\t\t\t\t\t<div class=\"dipl_tilt_image_wrapper  dipl_tilt_align_center\" data-tilt data-tilt-max=\"4\" data-tilt-perspective=\"1000\" data-tilt-scale=\"1\" data-tilt-speed=\"300\" data-tilt-mobile-disable=\"off\" >\n\t\t\t\t<div class=\"dipl_tilt_image_inner_wrapper\">\n\t\t\t\t<img decoding=\"async\" src=\"https:\/\/abk6-whisky.com\/wp-content\/uploads\/2025\/05\/24x36100-scaled.jpg\" alt=\"Alambics Cognacs Abk6\" \/>\n\t\t\t\t<div class=\"dipl_tilt_content_wrapper et_pb_animation_off\">\n\t\t\t\t\t\n\t\t\t\t\t\n\t\t\t\t\t\n\t\t\t\t\t\n\t\t\t\t<\/div>\n\t\t\t<\/div>\n\t\t\t<\/div>\n\t\t\t\t<\/div>\n\t\t\t<\/div><div class=\"et_pb_text_5 et_pb_text et_pb_bg_layout_light et_animated et_pb_module et_block_module et_pb_text_align_center preset--module--divi-text--default\"><div class=\"et_pb_text_inner\"><p><span style=\"white-space: pre-wrap;\"><span class=\"relative -mx-px my-[-0.2rem] rounded px-px py-[0.2rem] transition-colors duration-100 ease-in-out\">EKISS est <strong>certifi\u00e9e par l'organisme ECOCERT<\/strong>, attestant de sa conformit\u00e9 aux normes de production biologique. <\/span><\/span><\/p>\n<p>&nbsp;<\/p>\n<\/div><\/div><div class=\"et_pb_text_6 et_pb_text et_pb_bg_layout_light et_animated et_pb_module et_block_module preset--module--divi-text--default\"><div class=\"et_pb_text_inner\"><h2>Une vodka r\u00e9compens\u00e9e<\/h2>\n<\/div><\/div><\/div><\/div><div class=\"et_pb_row_5 et_pb_row et_block_row\" id=\"vieillissement\"><div class=\"et_pb_column_6 et_pb_column et_pb_column_1_2 et_block_column et_pb_css_mix_blend_mode_passthrough\"><div class=\"et_pb_module et_d4_element dipl_tilt_image dipl_tilt_image_3\">\n\t\t\t\t\n\t\t\t\t\n\t\t\t\t\n\t\t\t\t\n\t\t\t\t\n\t\t\t\t\n\t\t\t\t<div class=\"et_pb_module_inner\">\n\t\t\t\t\t<div class=\"dipl_tilt_image_wrapper  dipl_tilt_align_center\" data-tilt data-tilt-max=\"5\" data-tilt-perspective=\"1000\" data-tilt-scale=\"1\" data-tilt-speed=\"300\" data-tilt-mobile-disable=\"off\" >\n\t\t\t\t<div class=\"dipl_tilt_image_inner_wrapper\">\n\t\t\t\t<img decoding=\"async\" src=\"https:\/\/abk6-whisky.com\/wp-content\/uploads\/2024\/10\/ekiss-bio.webp\" alt=\"Ekiss Vodka Bio\" \/>\n\t\t\t\t<div class=\"dipl_tilt_content_wrapper et_pb_animation_off\">\n\t\t\t\t\t\n\t\t\t\t\t\n\t\t\t\t\t\n\t\t\t\t\t\n\t\t\t\t<\/div>\n\t\t\t<\/div>\n\t\t\t<\/div>\n\t\t\t\t<\/div>\n\t\t\t<\/div><\/div><div class=\"et_pb_column_7 et_pb_column et_pb_column_1_2 et-last-child et_block_column et_pb_css_mix_blend_mode_passthrough\"><div class=\"et_pb_text_7 et_pb_text et_pb_bg_layout_light et_animated et_pb_module et_block_module preset--module--divi-text--default\"><div class=\"et_pb_text_inner\"><p><span style=\"white-space: pre-wrap;\"><span class=\"relative -mx-px my-[-0.2rem] rounded px-px py-[0.2rem] transition-colors duration-100 ease-in-out\">La vodka EKISS s\u2019est distingu\u00e9e sur la sc\u00e8ne internationale, notamment en 2016 lors des <strong>World Vodka Awards<\/strong>, o\u00f9 elle a re\u00e7u le prix de<strong> la \"Meilleure vodka pure neutre\"<\/strong> pour la France. <\/span><\/span><span data-metadata=\"&lt;!--(figmeta)eyJmaWxlS2V5IjoiMmR5dlZyVVM4T2lXaUNHNTF0Qkg2ViIsInBhc3RlSUQiOjIwNjM4MjIxODksImRhdGFUeXBlIjoic2NlbmUifQo=(\/figmeta)--&gt;\"><\/span><\/p>\n<p><span style=\"white-space: pre-wrap;\"><span class=\"relative -mx-px my-[-0.2rem] rounded px-px py-[0.2rem] transition-colors duration-100 ease-in-out\">Cette reconnaissance souligne l'importance de son ancrage territorial en Camargue,<\/span> <span class=\"relative -mx-px my-[-0.2rem] rounded px-px py-[0.2rem] transition-colors duration-100 ease-in-out\"><strong>positionnant EKISS comme une r\u00e9f\u00e9rence incontournable parmi les vodkas fran\u00e7aises premium<\/strong>.<\/span><br \/><\/span><\/p>\n<\/div><\/div><\/div><\/div><\/div>\n","protected":false},"excerpt":{"rendered":"","protected":false},"author":1,"featured_media":987507151,"parent":0,"menu_order":0,"comment_status":"closed","ping_status":"closed","template":"","meta":{"_seopress_robots_primary_cat":"","_seopress_titles_title":"L'origine","_seopress_titles_desc":"Le domaine en Camargue de la vodka EKISS est un lieu d\u2019exception o\u00f9 tradition et innovation se rencontrent pour offrir une vodka d\u2019une qualit\u00e9 remarquable.","_seopress_robots_index":"","_seopress_analysis_target_kw":"camargue,l'origine,Origine","_et_pb_use_builder":"on","_et_pb_old_content":"","_et_gb_content_width":"","footnotes":""},"class_list":["post-122","page","type-page","status-publish","has-post-thumbnail","hentry"],"_links":{"self":[{"href":"https:\/\/www.abk6-whisky.com\/en\/wp-json\/wp\/v2\/pages\/122","targetHints":{"allow":["GET"]}}],"collection":[{"href":"https:\/\/www.abk6-whisky.com\/en\/wp-json\/wp\/v2\/pages"}],"about":[{"href":"https:\/\/www.abk6-whisky.com\/en\/wp-json\/wp\/v2\/types\/page"}],"author":[{"embeddable":true,"href":"https:\/\/www.abk6-whisky.com\/en\/wp-json\/wp\/v2\/users\/1"}],"replies":[{"embeddable":true,"href":"https:\/\/www.abk6-whisky.com\/en\/wp-json\/wp\/v2\/comments?post=122"}],"version-history":[{"count":88,"href":"https:\/\/www.abk6-whisky.com\/en\/wp-json\/wp\/v2\/pages\/122\/revisions"}],"predecessor-version":[{"id":987508243,"href":"https:\/\/www.abk6-whisky.com\/en\/wp-json\/wp\/v2\/pages\/122\/revisions\/987508243"}],"wp:featuredmedia":[{"embeddable":true,"href":"https:\/\/www.abk6-whisky.com\/en\/wp-json\/wp\/v2\/media\/987507151"}],"wp:attachment":[{"href":"https:\/\/www.abk6-whisky.com\/en\/wp-json\/wp\/v2\/media?parent=122"}],"curies":[{"name":"wp","href":"https:\/\/api.w.org\/{rel}","templated":true}]}}